{"id":367,"date":"2024-05-21T21:26:31","date_gmt":"2024-05-21T18:26:31","guid":{"rendered":"https:\/\/mediatuotantoisotalo.com\/?page_id=367"},"modified":"2025-02-12T19:46:09","modified_gmt":"2025-02-12T17:46:09","slug":"we_are_away","status":"publish","type":"page","link":"https:\/\/mediatuotantoisotalo.com\/?page_id=367&lang=fi","title":{"rendered":"we_are_away"},"content":{"rendered":"<p style=\"text-align: center;\"><em><strong>Hei<\/strong><\/em><\/p>\n<p>&nbsp;<\/p>\n<p style=\"text-align: center;\"><em><strong>Olemme kaupallisen tuotannon osalta t\u00e4ll\u00e4 hetkell\u00e4 m\u00e4\u00e4rittelem\u00e4tt\u00f6m\u00e4n pituisella tauolla.<\/strong><\/em><\/p>\n<p style=\"text-align: center;\"><em><strong>Mik\u00e4li kuitenkin haluaisit tuotteesi \/ palvelusi esille jommalla kummalla sivustoistamme,<\/strong><\/em><\/p>\n<p style=\"text-align: center;\"><em><strong>voit olla yhteydess\u00e4 &#8221;<span class=\"highlight1\">info (@) mediatuotantoisotalo.com<\/span>\u00a0&#8221; -osoitteeseen.<\/strong><\/em><\/p>\n<p>&nbsp;<\/p>\n<p style=\"text-align: center;\"><em><strong>Hello there!<\/strong><\/em><\/p>\n<p>&nbsp;<\/p>\n<p style=\"text-align: center;\"><em><strong>We have decided not to take any commercial jobs or tasks for the time being.<\/strong><\/em><\/p>\n<p style=\"text-align: center;\"><em><strong>With that being said, if you wish to showcase your product or service at either of our Web magazines (links below), you may<\/strong><\/em><\/p>\n<p style=\"text-align: center;\"><em><strong>be in contact with us\u00a0 &#8221;<span class=\"highlight1\">info (@) mediatuotantoisotalo.com<\/span>\u00a0&#8221;.<\/strong><\/em><\/p>\n<p>&nbsp;<\/p>\n<p>&nbsp;<\/p>\n<p>&nbsp;<\/p>\n<div id=\"attachment_373\" style=\"width: 310px\" class=\"wp-caption alignleft\"><a href=\"https:\/\/scenicroadhunters.com\" target=\"_blank\" rel=\"noopener\"><img loading=\"lazy\" decoding=\"async\" aria-describedby=\"caption-attachment-373\" class=\"size-medium wp-image-373\" src=\"https:\/\/mediatuotantoisotalo.com\/wp-content\/uploads\/2024\/05\/Featured-300x200.jpg\" alt=\"\" width=\"300\" height=\"200\" srcset=\"https:\/\/mediatuotantoisotalo.com\/wp-content\/uploads\/2024\/05\/Featured-300x200.jpg 300w, https:\/\/mediatuotantoisotalo.com\/wp-content\/uploads\/2024\/05\/Featured-768x512.jpg 768w, https:\/\/mediatuotantoisotalo.com\/wp-content\/uploads\/2024\/05\/Featured.jpg 1024w\" sizes=\"auto, (max-width: 300px) 100vw, 300px\" \/><\/a><p id=\"caption-attachment-373\" class=\"wp-caption-text\"><strong>Scenic Road Hunters<\/strong><\/p><\/div>\n<div id=\"attachment_382\" style=\"width: 310px\" class=\"wp-caption aligncenter\"><a style=\"background-color: transparent;\" href=\"https:\/\/scenicroadhunters.com\"><img loading=\"lazy\" decoding=\"async\" aria-describedby=\"caption-attachment-382\" class=\"wp-image-382 size-medium\" src=\"https:\/\/mediatuotantoisotalo.com\/wp-content\/uploads\/2024\/05\/IMG_6750-300x200.jpg\" alt=\"\" width=\"300\" height=\"200\" srcset=\"https:\/\/mediatuotantoisotalo.com\/wp-content\/uploads\/2024\/05\/IMG_6750-300x200.jpg 300w, https:\/\/mediatuotantoisotalo.com\/wp-content\/uploads\/2024\/05\/IMG_6750-768x512.jpg 768w, https:\/\/mediatuotantoisotalo.com\/wp-content\/uploads\/2024\/05\/IMG_6750.jpg 1024w\" sizes=\"auto, (max-width: 300px) 100vw, 300px\" \/><\/a><p id=\"caption-attachment-382\" class=\"wp-caption-text\"><strong>Scenic Road hunters<\/strong><\/p><\/div>\n<p>&nbsp;<\/p>\n<p>&nbsp;<\/p>\n<p>&nbsp;<\/p>\n<div id=\"attachment_374\" style=\"width: 310px\" class=\"wp-caption alignleft\"><a href=\"https:\/\/pikamulkaus.com\" target=\"_blank\" rel=\"noopener\"><img loading=\"lazy\" decoding=\"async\" aria-describedby=\"caption-attachment-374\" class=\"size-medium wp-image-374\" src=\"https:\/\/mediatuotantoisotalo.com\/wp-content\/uploads\/2024\/05\/IMG_8332-300x200.jpg\" alt=\"\" width=\"300\" height=\"200\" srcset=\"https:\/\/mediatuotantoisotalo.com\/wp-content\/uploads\/2024\/05\/IMG_8332-300x200.jpg 300w, https:\/\/mediatuotantoisotalo.com\/wp-content\/uploads\/2024\/05\/IMG_8332-1024x683.jpg 1024w, https:\/\/mediatuotantoisotalo.com\/wp-content\/uploads\/2024\/05\/IMG_8332-768x512.jpg 768w, https:\/\/mediatuotantoisotalo.com\/wp-content\/uploads\/2024\/05\/IMG_8332-1536x1024.jpg 1536w, https:\/\/mediatuotantoisotalo.com\/wp-content\/uploads\/2024\/05\/IMG_8332-2048x1365.jpg 2048w\" sizes=\"auto, (max-width: 300px) 100vw, 300px\" \/><\/a><p id=\"caption-attachment-374\" class=\"wp-caption-text\"><strong>Pikamulkaus<\/strong><\/p><\/div>\n<p>&nbsp;<\/p>\n<div id=\"attachment_375\" style=\"width: 310px\" class=\"wp-caption aligncenter\"><a href=\"https:\/\/www.youtube.com\/miikaisotalo\" target=\"_blank\" rel=\"noopener\"><img loading=\"lazy\" decoding=\"async\" aria-describedby=\"caption-attachment-375\" class=\"size-medium wp-image-375\" src=\"https:\/\/mediatuotantoisotalo.com\/wp-content\/uploads\/2024\/05\/MiikaAtGT86-300x197.jpg\" alt=\"\" width=\"300\" height=\"197\" srcset=\"https:\/\/mediatuotantoisotalo.com\/wp-content\/uploads\/2024\/05\/MiikaAtGT86-300x197.jpg 300w, https:\/\/mediatuotantoisotalo.com\/wp-content\/uploads\/2024\/05\/MiikaAtGT86-1024x671.jpg 1024w, https:\/\/mediatuotantoisotalo.com\/wp-content\/uploads\/2024\/05\/MiikaAtGT86-768x503.jpg 768w, https:\/\/mediatuotantoisotalo.com\/wp-content\/uploads\/2024\/05\/MiikaAtGT86.jpg 1367w\" sizes=\"auto, (max-width: 300px) 100vw, 300px\" \/><\/a><p id=\"caption-attachment-375\" class=\"wp-caption-text\"><strong>Youtube -channel<\/strong><\/p><\/div>\n<p>&nbsp;<\/p>\n<p>&nbsp;<\/p>\n<p>&nbsp;<\/p>\n<p>&nbsp;<\/p>\n<p>&nbsp;<\/p>\n","protected":false},"excerpt":{"rendered":"<p>Hei &nbsp; Olemme kaupallisen tuotannon osalta t\u00e4ll\u00e4 hetkell\u00e4 m\u00e4\u00e4rittelem\u00e4tt\u00f6m\u00e4n pituisella tauolla. Mik\u00e4li kuitenkin haluaisit tuotteesi \/ palvelusi esille jommalla kummalla [&hellip;]<\/p>\n","protected":false},"author":1,"featured_media":0,"parent":0,"menu_order":0,"comment_status":"closed","ping_status":"closed","template":"template-full-custom.php","meta":{"jetpack_post_was_ever_published":false,"footnotes":""},"class_list":["post-367","page","type-page","status-publish","hentry"],"yoast_head":"<!-- This site is optimized with the Yoast SEO plugin v24.5 - https:\/\/yoast.com\/wordpress\/plugins\/seo\/ -->\n<title>Mediatuotanto Isotalo - sopivan pieni media<\/title>\n<meta name=\"description\" content=\"Mediatuotanto Isotalo on valo- ja videotuotantoa tekev\u00e4 pieni mediayritys Varsinais-Suomessa. Tuotamme t\u00e4ll\u00e4 hetkell\u00e4 vain omille sivuille.\" \/>\n<meta name=\"robots\" content=\"index, follow, max-snippet:-1, max-image-preview:large, max-video-preview:-1\" \/>\n<link rel=\"canonical\" href=\"https:\/\/mediatuotantoisotalo.com\/?page_id=367&lang=fi\" \/>\n<meta property=\"og:locale\" content=\"fi_FI\" \/>\n<meta property=\"og:type\" content=\"article\" \/>\n<meta property=\"og:title\" content=\"Mediatuotanto Isotalo - sopivan pieni media\" \/>\n<meta property=\"og:description\" content=\"Mediatuotanto Isotalo on valo- ja videotuotantoa tekev\u00e4 pieni mediayritys Varsinais-Suomessa. Tuotamme t\u00e4ll\u00e4 hetkell\u00e4 vain omille sivuille.\" \/>\n<meta property=\"og:url\" content=\"https:\/\/mediatuotantoisotalo.com\/?page_id=367&amp;lang=fi\" \/>\n<meta property=\"og:site_name\" content=\"Mediatuotanto Isotalo\" \/>\n<meta property=\"article:modified_time\" content=\"2025-02-12T17:46:09+00:00\" \/>\n<meta property=\"og:image\" content=\"https:\/\/mediatuotantoisotalo.com\/wp-content\/uploads\/2024\/05\/Featured.jpg\" \/>\n\t<meta property=\"og:image:width\" content=\"1024\" \/>\n\t<meta property=\"og:image:height\" content=\"683\" \/>\n\t<meta property=\"og:image:type\" content=\"image\/jpeg\" \/>\n<meta name=\"twitter:card\" content=\"summary_large_image\" \/>\n<meta name=\"twitter:label1\" content=\"Arvioitu lukuaika\" \/>\n\t<meta name=\"twitter:data1\" content=\"2 minuuttia\" \/>\n<script type=\"application\/ld+json\" class=\"yoast-schema-graph\">{\"@context\":\"https:\/\/schema.org\",\"@graph\":[{\"@type\":\"WebPage\",\"@id\":\"https:\/\/mediatuotantoisotalo.com\/?page_id=367&lang=fi\",\"url\":\"https:\/\/mediatuotantoisotalo.com\/?page_id=367&lang=fi\",\"name\":\"Mediatuotanto Isotalo - sopivan pieni media\",\"isPartOf\":{\"@id\":\"https:\/\/mediatuotantoisotalo.com\/#website\"},\"primaryImageOfPage\":{\"@id\":\"https:\/\/mediatuotantoisotalo.com\/?page_id=367&lang=fi#primaryimage\"},\"image\":{\"@id\":\"https:\/\/mediatuotantoisotalo.com\/?page_id=367&lang=fi#primaryimage\"},\"thumbnailUrl\":\"https:\/\/mediatuotantoisotalo.com\/wp-content\/uploads\/2024\/05\/Featured-300x200.jpg\",\"datePublished\":\"2024-05-21T18:26:31+00:00\",\"dateModified\":\"2025-02-12T17:46:09+00:00\",\"description\":\"Mediatuotanto Isotalo on valo- ja videotuotantoa tekev\u00e4 pieni mediayritys Varsinais-Suomessa. Tuotamme t\u00e4ll\u00e4 hetkell\u00e4 vain omille sivuille.\",\"breadcrumb\":{\"@id\":\"https:\/\/mediatuotantoisotalo.com\/?page_id=367&lang=fi#breadcrumb\"},\"inLanguage\":\"fi\",\"potentialAction\":[{\"@type\":\"ReadAction\",\"target\":[\"https:\/\/mediatuotantoisotalo.com\/?page_id=367&lang=fi\"]}]},{\"@type\":\"ImageObject\",\"inLanguage\":\"fi\",\"@id\":\"https:\/\/mediatuotantoisotalo.com\/?page_id=367&lang=fi#primaryimage\",\"url\":\"https:\/\/mediatuotantoisotalo.com\/wp-content\/uploads\/2024\/05\/Featured.jpg\",\"contentUrl\":\"https:\/\/mediatuotantoisotalo.com\/wp-content\/uploads\/2024\/05\/Featured.jpg\",\"width\":1024,\"height\":683,\"caption\":\"Scenic Road Hunters\"},{\"@type\":\"BreadcrumbList\",\"@id\":\"https:\/\/mediatuotantoisotalo.com\/?page_id=367&lang=fi#breadcrumb\",\"itemListElement\":[{\"@type\":\"ListItem\",\"position\":1,\"name\":\"Main Page\",\"item\":\"https:\/\/mediatuotantoisotalo.com\/?page_id=367&lang=fi\"},{\"@type\":\"ListItem\",\"position\":2,\"name\":\"we_are_away\"}]},{\"@type\":\"WebSite\",\"@id\":\"https:\/\/mediatuotantoisotalo.com\/#website\",\"url\":\"https:\/\/mediatuotantoisotalo.com\/\",\"name\":\"Mediatuotanto Isotalo\",\"description\":\"Valo- ja videokuvauspalveluita sek\u00e4 sis\u00e4ll\u00f6ntuotantoa verkkoon.\",\"publisher\":{\"@id\":\"https:\/\/mediatuotantoisotalo.com\/#organization\"},\"potentialAction\":[{\"@type\":\"SearchAction\",\"target\":{\"@type\":\"EntryPoint\",\"urlTemplate\":\"https:\/\/mediatuotantoisotalo.com\/?s={search_term_string}\"},\"query-input\":{\"@type\":\"PropertyValueSpecification\",\"valueRequired\":true,\"valueName\":\"search_term_string\"}}],\"inLanguage\":\"fi\"},{\"@type\":\"Organization\",\"@id\":\"https:\/\/mediatuotantoisotalo.com\/#organization\",\"name\":\"Mediatuotanto Isotalo\",\"url\":\"https:\/\/mediatuotantoisotalo.com\/\",\"logo\":{\"@type\":\"ImageObject\",\"inLanguage\":\"fi\",\"@id\":\"https:\/\/mediatuotantoisotalo.com\/#\/schema\/logo\/image\/\",\"url\":\"https:\/\/mediatuotantoisotalo.com\/wp-content\/uploads\/2015\/04\/FirmanVesileima2_1.png\",\"contentUrl\":\"https:\/\/mediatuotantoisotalo.com\/wp-content\/uploads\/2015\/04\/FirmanVesileima2_1.png\",\"width\":400,\"height\":150,\"caption\":\"Mediatuotanto Isotalo\"},\"image\":{\"@id\":\"https:\/\/mediatuotantoisotalo.com\/#\/schema\/logo\/image\/\"}}]}<\/script>\n<!-- \/ Yoast SEO plugin. -->","yoast_head_json":{"title":"Mediatuotanto Isotalo - sopivan pieni media","description":"Mediatuotanto Isotalo on valo- ja videotuotantoa tekev\u00e4 pieni mediayritys Varsinais-Suomessa. Tuotamme t\u00e4ll\u00e4 hetkell\u00e4 vain omille sivuille.","robots":{"index":"index","follow":"follow","max-snippet":"max-snippet:-1","max-image-preview":"max-image-preview:large","max-video-preview":"max-video-preview:-1"},"canonical":"https:\/\/mediatuotantoisotalo.com\/?page_id=367&lang=fi","og_locale":"fi_FI","og_type":"article","og_title":"Mediatuotanto Isotalo - sopivan pieni media","og_description":"Mediatuotanto Isotalo on valo- ja videotuotantoa tekev\u00e4 pieni mediayritys Varsinais-Suomessa. Tuotamme t\u00e4ll\u00e4 hetkell\u00e4 vain omille sivuille.","og_url":"https:\/\/mediatuotantoisotalo.com\/?page_id=367&lang=fi","og_site_name":"Mediatuotanto Isotalo","article_modified_time":"2025-02-12T17:46:09+00:00","og_image":[{"width":1024,"height":683,"url":"https:\/\/mediatuotantoisotalo.com\/wp-content\/uploads\/2024\/05\/Featured.jpg","type":"image\/jpeg"}],"twitter_card":"summary_large_image","twitter_misc":{"Arvioitu lukuaika":"2 minuuttia"},"schema":{"@context":"https:\/\/schema.org","@graph":[{"@type":"WebPage","@id":"https:\/\/mediatuotantoisotalo.com\/?page_id=367&lang=fi","url":"https:\/\/mediatuotantoisotalo.com\/?page_id=367&lang=fi","name":"Mediatuotanto Isotalo - sopivan pieni media","isPartOf":{"@id":"https:\/\/mediatuotantoisotalo.com\/#website"},"primaryImageOfPage":{"@id":"https:\/\/mediatuotantoisotalo.com\/?page_id=367&lang=fi#primaryimage"},"image":{"@id":"https:\/\/mediatuotantoisotalo.com\/?page_id=367&lang=fi#primaryimage"},"thumbnailUrl":"https:\/\/mediatuotantoisotalo.com\/wp-content\/uploads\/2024\/05\/Featured-300x200.jpg","datePublished":"2024-05-21T18:26:31+00:00","dateModified":"2025-02-12T17:46:09+00:00","description":"Mediatuotanto Isotalo on valo- ja videotuotantoa tekev\u00e4 pieni mediayritys Varsinais-Suomessa. Tuotamme t\u00e4ll\u00e4 hetkell\u00e4 vain omille sivuille.","breadcrumb":{"@id":"https:\/\/mediatuotantoisotalo.com\/?page_id=367&lang=fi#breadcrumb"},"inLanguage":"fi","potentialAction":[{"@type":"ReadAction","target":["https:\/\/mediatuotantoisotalo.com\/?page_id=367&lang=fi"]}]},{"@type":"ImageObject","inLanguage":"fi","@id":"https:\/\/mediatuotantoisotalo.com\/?page_id=367&lang=fi#primaryimage","url":"https:\/\/mediatuotantoisotalo.com\/wp-content\/uploads\/2024\/05\/Featured.jpg","contentUrl":"https:\/\/mediatuotantoisotalo.com\/wp-content\/uploads\/2024\/05\/Featured.jpg","width":1024,"height":683,"caption":"Scenic Road Hunters"},{"@type":"BreadcrumbList","@id":"https:\/\/mediatuotantoisotalo.com\/?page_id=367&lang=fi#breadcrumb","itemListElement":[{"@type":"ListItem","position":1,"name":"Main Page","item":"https:\/\/mediatuotantoisotalo.com\/?page_id=367&lang=fi"},{"@type":"ListItem","position":2,"name":"we_are_away"}]},{"@type":"WebSite","@id":"https:\/\/mediatuotantoisotalo.com\/#website","url":"https:\/\/mediatuotantoisotalo.com\/","name":"Mediatuotanto Isotalo","description":"Valo- ja videokuvauspalveluita sek\u00e4 sis\u00e4ll\u00f6ntuotantoa verkkoon.","publisher":{"@id":"https:\/\/mediatuotantoisotalo.com\/#organization"},"potentialAction":[{"@type":"SearchAction","target":{"@type":"EntryPoint","urlTemplate":"https:\/\/mediatuotantoisotalo.com\/?s={search_term_string}"},"query-input":{"@type":"PropertyValueSpecification","valueRequired":true,"valueName":"search_term_string"}}],"inLanguage":"fi"},{"@type":"Organization","@id":"https:\/\/mediatuotantoisotalo.com\/#organization","name":"Mediatuotanto Isotalo","url":"https:\/\/mediatuotantoisotalo.com\/","logo":{"@type":"ImageObject","inLanguage":"fi","@id":"https:\/\/mediatuotantoisotalo.com\/#\/schema\/logo\/image\/","url":"https:\/\/mediatuotantoisotalo.com\/wp-content\/uploads\/2015\/04\/FirmanVesileima2_1.png","contentUrl":"https:\/\/mediatuotantoisotalo.com\/wp-content\/uploads\/2015\/04\/FirmanVesileima2_1.png","width":400,"height":150,"caption":"Mediatuotanto Isotalo"},"image":{"@id":"https:\/\/mediatuotantoisotalo.com\/#\/schema\/logo\/image\/"}}]}},"jetpack_sharing_enabled":true,"jetpack_shortlink":"https:\/\/wp.me\/P6ia5h-5V","_links":{"self":[{"href":"https:\/\/mediatuotantoisotalo.com\/index.php?rest_route=\/wp\/v2\/pages\/367","targetHints":{"allow":["GET"]}}],"collection":[{"href":"https:\/\/mediatuotantoisotalo.com\/index.php?rest_route=\/wp\/v2\/pages"}],"about":[{"href":"https:\/\/mediatuotantoisotalo.com\/index.php?rest_route=\/wp\/v2\/types\/page"}],"author":[{"embeddable":true,"href":"https:\/\/mediatuotantoisotalo.com\/index.php?rest_route=\/wp\/v2\/users\/1"}],"replies":[{"embeddable":true,"href":"https:\/\/mediatuotantoisotalo.com\/index.php?rest_route=%2Fwp%2Fv2%2Fcomments&post=367"}],"version-history":[{"count":17,"href":"https:\/\/mediatuotantoisotalo.com\/index.php?rest_route=\/wp\/v2\/pages\/367\/revisions"}],"predecessor-version":[{"id":396,"href":"https:\/\/mediatuotantoisotalo.com\/index.php?rest_route=\/wp\/v2\/pages\/367\/revisions\/396"}],"wp:attachment":[{"href":"https:\/\/mediatuotantoisotalo.com\/index.php?rest_route=%2Fwp%2Fv2%2Fmedia&parent=367"}],"curies":[{"name":"wp","href":"https:\/\/api.w.org\/{rel}","templated":true}]}}