{"id":22,"date":"2015-04-21T02:14:35","date_gmt":"2015-04-20T23:14:35","guid":{"rendered":"http:\/\/mediatuotantoisotalo.com\/?page_id=22"},"modified":"2017-01-28T00:03:40","modified_gmt":"2017-01-27T22:03:40","slug":"portfolio","status":"publish","type":"page","link":"https:\/\/mediatuotantoisotalo.com\/?page_id=22","title":{"rendered":"Portfolio"},"content":{"rendered":"","protected":false},"excerpt":{"rendered":"","protected":false},"author":1,"featured_media":0,"parent":0,"menu_order":1,"comment_status":"open","ping_status":"open","template":"template-portfolio-gallery.php","meta":{"jetpack_post_was_ever_published":false,"footnotes":""},"class_list":["post-22","page","type-page","status-publish","hentry"],"yoast_head":"<!-- This site is optimized with the Yoast SEO plugin v24.5 - https:\/\/yoast.com\/wordpress\/plugins\/seo\/ -->\n<title>Mediatuotanto Isotalo - Portfolio Page<\/title>\n<meta name=\"description\" content=\"This page is a portfolio page for Mediatuotanto Isotalo. Photographs are divided in different categories but in addition it also has some videos.\" \/>\n<meta name=\"robots\" content=\"index, follow, max-snippet:-1, max-image-preview:large, max-video-preview:-1\" \/>\n<link rel=\"canonical\" href=\"https:\/\/mediatuotantoisotalo.com\/?page_id=22\" \/>\n<meta property=\"og:locale\" content=\"fi_FI\" \/>\n<meta property=\"og:type\" content=\"article\" \/>\n<meta property=\"og:title\" content=\"Mediatuotanto Isotalo - Portfolio Page\" \/>\n<meta property=\"og:description\" content=\"This page is a portfolio page for Mediatuotanto Isotalo. Photographs are divided in different categories but in addition it also has some videos.\" \/>\n<meta property=\"og:url\" content=\"https:\/\/mediatuotantoisotalo.com\/?page_id=22\" \/>\n<meta property=\"og:site_name\" content=\"Mediatuotanto Isotalo\" \/>\n<meta property=\"article:modified_time\" content=\"2017-01-27T22:03:40+00:00\" \/>\n<meta name=\"twitter:card\" content=\"summary_large_image\" \/>\n<script type=\"application\/ld+json\" class=\"yoast-schema-graph\">{\"@context\":\"https:\/\/schema.org\",\"@graph\":[{\"@type\":\"WebPage\",\"@id\":\"https:\/\/mediatuotantoisotalo.com\/?page_id=22\",\"url\":\"https:\/\/mediatuotantoisotalo.com\/?page_id=22\",\"name\":\"Mediatuotanto Isotalo - Portfolio Page\",\"isPartOf\":{\"@id\":\"https:\/\/mediatuotantoisotalo.com\/#website\"},\"datePublished\":\"2015-04-20T23:14:35+00:00\",\"dateModified\":\"2017-01-27T22:03:40+00:00\",\"description\":\"This page is a portfolio page for Mediatuotanto Isotalo. Photographs are divided in different categories but in addition it also has some videos.\",\"breadcrumb\":{\"@id\":\"https:\/\/mediatuotantoisotalo.com\/?page_id=22#breadcrumb\"},\"inLanguage\":\"fi\",\"potentialAction\":[{\"@type\":\"ReadAction\",\"target\":[\"https:\/\/mediatuotantoisotalo.com\/?page_id=22\"]}]},{\"@type\":\"BreadcrumbList\",\"@id\":\"https:\/\/mediatuotantoisotalo.com\/?page_id=22#breadcrumb\",\"itemListElement\":[{\"@type\":\"ListItem\",\"position\":1,\"name\":\"Main Page\",\"item\":\"https:\/\/mediatuotantoisotalo.com\/?page_id=367&lang=fi\"},{\"@type\":\"ListItem\",\"position\":2,\"name\":\"Portfolio\"}]},{\"@type\":\"WebSite\",\"@id\":\"https:\/\/mediatuotantoisotalo.com\/#website\",\"url\":\"https:\/\/mediatuotantoisotalo.com\/\",\"name\":\"Mediatuotanto Isotalo\",\"description\":\"Valo- ja videokuvauspalveluita sek\u00e4 sis\u00e4ll\u00f6ntuotantoa verkkoon.\",\"publisher\":{\"@id\":\"https:\/\/mediatuotantoisotalo.com\/#organization\"},\"potentialAction\":[{\"@type\":\"SearchAction\",\"target\":{\"@type\":\"EntryPoint\",\"urlTemplate\":\"https:\/\/mediatuotantoisotalo.com\/?s={search_term_string}\"},\"query-input\":{\"@type\":\"PropertyValueSpecification\",\"valueRequired\":true,\"valueName\":\"search_term_string\"}}],\"inLanguage\":\"fi\"},{\"@type\":\"Organization\",\"@id\":\"https:\/\/mediatuotantoisotalo.com\/#organization\",\"name\":\"Mediatuotanto Isotalo\",\"url\":\"https:\/\/mediatuotantoisotalo.com\/\",\"logo\":{\"@type\":\"ImageObject\",\"inLanguage\":\"fi\",\"@id\":\"https:\/\/mediatuotantoisotalo.com\/#\/schema\/logo\/image\/\",\"url\":\"https:\/\/mediatuotantoisotalo.com\/wp-content\/uploads\/2015\/04\/FirmanVesileima2_1.png\",\"contentUrl\":\"https:\/\/mediatuotantoisotalo.com\/wp-content\/uploads\/2015\/04\/FirmanVesileima2_1.png\",\"width\":400,\"height\":150,\"caption\":\"Mediatuotanto Isotalo\"},\"image\":{\"@id\":\"https:\/\/mediatuotantoisotalo.com\/#\/schema\/logo\/image\/\"}}]}<\/script>\n<!-- \/ Yoast SEO plugin. -->","yoast_head_json":{"title":"Mediatuotanto Isotalo - Portfolio Page","description":"This page is a portfolio page for Mediatuotanto Isotalo. Photographs are divided in different categories but in addition it also has some videos.","robots":{"index":"index","follow":"follow","max-snippet":"max-snippet:-1","max-image-preview":"max-image-preview:large","max-video-preview":"max-video-preview:-1"},"canonical":"https:\/\/mediatuotantoisotalo.com\/?page_id=22","og_locale":"fi_FI","og_type":"article","og_title":"Mediatuotanto Isotalo - Portfolio Page","og_description":"This page is a portfolio page for Mediatuotanto Isotalo. Photographs are divided in different categories but in addition it also has some videos.","og_url":"https:\/\/mediatuotantoisotalo.com\/?page_id=22","og_site_name":"Mediatuotanto Isotalo","article_modified_time":"2017-01-27T22:03:40+00:00","twitter_card":"summary_large_image","schema":{"@context":"https:\/\/schema.org","@graph":[{"@type":"WebPage","@id":"https:\/\/mediatuotantoisotalo.com\/?page_id=22","url":"https:\/\/mediatuotantoisotalo.com\/?page_id=22","name":"Mediatuotanto Isotalo - Portfolio Page","isPartOf":{"@id":"https:\/\/mediatuotantoisotalo.com\/#website"},"datePublished":"2015-04-20T23:14:35+00:00","dateModified":"2017-01-27T22:03:40+00:00","description":"This page is a portfolio page for Mediatuotanto Isotalo. Photographs are divided in different categories but in addition it also has some videos.","breadcrumb":{"@id":"https:\/\/mediatuotantoisotalo.com\/?page_id=22#breadcrumb"},"inLanguage":"fi","potentialAction":[{"@type":"ReadAction","target":["https:\/\/mediatuotantoisotalo.com\/?page_id=22"]}]},{"@type":"BreadcrumbList","@id":"https:\/\/mediatuotantoisotalo.com\/?page_id=22#breadcrumb","itemListElement":[{"@type":"ListItem","position":1,"name":"Main Page","item":"https:\/\/mediatuotantoisotalo.com\/?page_id=367&lang=fi"},{"@type":"ListItem","position":2,"name":"Portfolio"}]},{"@type":"WebSite","@id":"https:\/\/mediatuotantoisotalo.com\/#website","url":"https:\/\/mediatuotantoisotalo.com\/","name":"Mediatuotanto Isotalo","description":"Valo- ja videokuvauspalveluita sek\u00e4 sis\u00e4ll\u00f6ntuotantoa verkkoon.","publisher":{"@id":"https:\/\/mediatuotantoisotalo.com\/#organization"},"potentialAction":[{"@type":"SearchAction","target":{"@type":"EntryPoint","urlTemplate":"https:\/\/mediatuotantoisotalo.com\/?s={search_term_string}"},"query-input":{"@type":"PropertyValueSpecification","valueRequired":true,"valueName":"search_term_string"}}],"inLanguage":"fi"},{"@type":"Organization","@id":"https:\/\/mediatuotantoisotalo.com\/#organization","name":"Mediatuotanto Isotalo","url":"https:\/\/mediatuotantoisotalo.com\/","logo":{"@type":"ImageObject","inLanguage":"fi","@id":"https:\/\/mediatuotantoisotalo.com\/#\/schema\/logo\/image\/","url":"https:\/\/mediatuotantoisotalo.com\/wp-content\/uploads\/2015\/04\/FirmanVesileima2_1.png","contentUrl":"https:\/\/mediatuotantoisotalo.com\/wp-content\/uploads\/2015\/04\/FirmanVesileima2_1.png","width":400,"height":150,"caption":"Mediatuotanto Isotalo"},"image":{"@id":"https:\/\/mediatuotantoisotalo.com\/#\/schema\/logo\/image\/"}}]}},"jetpack_sharing_enabled":true,"jetpack_shortlink":"https:\/\/wp.me\/P6ia5h-m","_links":{"self":[{"href":"https:\/\/mediatuotantoisotalo.com\/index.php?rest_route=\/wp\/v2\/pages\/22","targetHints":{"allow":["GET"]}}],"collection":[{"href":"https:\/\/mediatuotantoisotalo.com\/index.php?rest_route=\/wp\/v2\/pages"}],"about":[{"href":"https:\/\/mediatuotantoisotalo.com\/index.php?rest_route=\/wp\/v2\/types\/page"}],"author":[{"embeddable":true,"href":"https:\/\/mediatuotantoisotalo.com\/index.php?rest_route=\/wp\/v2\/users\/1"}],"replies":[{"embeddable":true,"href":"https:\/\/mediatuotantoisotalo.com\/index.php?rest_route=%2Fwp%2Fv2%2Fcomments&post=22"}],"version-history":[{"count":2,"href":"https:\/\/mediatuotantoisotalo.com\/index.php?rest_route=\/wp\/v2\/pages\/22\/revisions"}],"predecessor-version":[{"id":145,"href":"https:\/\/mediatuotantoisotalo.com\/index.php?rest_route=\/wp\/v2\/pages\/22\/revisions\/145"}],"wp:attachment":[{"href":"https:\/\/mediatuotantoisotalo.com\/index.php?rest_route=%2Fwp%2Fv2%2Fmedia&parent=22"}],"curies":[{"name":"wp","href":"https:\/\/api.w.org\/{rel}","templated":true}]}}