{"id":187,"date":"2018-05-23T14:23:25","date_gmt":"2018-05-23T11:23:25","guid":{"rendered":"https:\/\/mediatuotantoisotalo.com\/?page_id=187"},"modified":"2018-05-23T14:34:04","modified_gmt":"2018-05-23T11:34:04","slug":"tietosuojaseloste","status":"publish","type":"page","link":"https:\/\/mediatuotantoisotalo.com\/?page_id=187&lang=fi","title":{"rendered":"Tietosuojaseloste"},"content":{"rendered":"<h2>Keit\u00e4 olemme<\/h2>\n<p>Verkkosivustomme osoite on: https:\/\/mediatuotantoisotalo.com.<\/p>\n<h2>Mit\u00e4 henkil\u00f6tietoa ker\u00e4\u00e4mme ja miksi<\/h2>\n<h3>Kommentit<\/h3>\n<p>Kun sivuston k\u00e4ytt\u00e4j\u00e4t j\u00e4tt\u00e4v\u00e4t kommentteja sivustolle, ker\u00e4\u00e4mme kommenttilomakkeessa olevat tiedot, sek\u00e4 k\u00e4ytt\u00e4j\u00e4n IP-osoitteen ja selaimen versiotiedot roskaviestien tunnistamisen helpottamiseksi.<\/p>\n<p>Kun vierailijat j\u00e4tt\u00e4v\u00e4t kommentin t\u00e4lle sivustolle ker\u00e4\u00e4mme tiedon, joka on n\u00e4kyviss\u00e4 kommentointikentiss\u00e4, IP-osoitteen sek\u00e4 selaimen versioon liittyv\u00e4t tiedot. S\u00e4hk\u00f6postiosoitteesta luotu anonymisoitu hajautustieto (hash) voidaan l\u00e4hett\u00e4\u00e4 Gravatar-palveluun, jotta tiedet\u00e4\u00e4n onko kommentoija palvelun k\u00e4ytt\u00e4j\u00e4. Gravatar-palvelun tietosuojaseloste l\u00f6ytyy osoitteesta https:\/\/automattic.com\/privacy\/.<\/p>\n<h3>Media<\/h3>\n<p>Mik\u00e4li lataat kuvia t\u00e4lle sivustolle, sinun tulee v\u00e4ltt\u00e4\u00e4 sellaisten kuvien lataamista, joissa on tallennettu paikkatieto (EXIF GPS). Sivuston vierailijat voivat ladata ja katsoa paikkatietoa kuvista, joita sivustolla on.<\/p>\n<h3>Yhteydenottolomakkeet<\/h3>\n<h3>Ev\u00e4steet<\/h3>\n<p>Jos j\u00e4t\u00e4t kommentin sivustolle, voit valita nimen, s\u00e4hk\u00f6postiosoitteen ja url-osoitteen tallennuksen ev\u00e4steeseen. T\u00e4m\u00e4 toiminto lis\u00e4\u00e4 k\u00e4ytt\u00f6mukavuutta, koska lomaketta ei tarvitse t\u00e4ytt\u00e4\u00e4 jokaisella kerralla uudelleen kommenttia lis\u00e4tess\u00e4. Ev\u00e4stetieto poistetaan selaimesta vuoden kuluttua.<\/p>\n<p>Mik\u00e4li sinulla on tili ja kirjaudut sivustolle asetamme v\u00e4liaikaisen ev\u00e4steen, joka p\u00e4\u00e4ttelee tukeeko selaimesi ev\u00e4steit\u00e4 vai ei. T\u00e4m\u00e4 ev\u00e4ste ei sis\u00e4ll\u00e4 henkil\u00f6tietoa ja se poistetaan kun selainikkuna suljetaan.<\/p>\n<p>Kun kirjaudut sis\u00e4\u00e4n asetamme useita ev\u00e4steit\u00e4, jotka tallentavat kirjautumis- sek\u00e4 n\u00e4ytt\u00f6asetuksesi. Kirjautumisev\u00e4steet poistetaan kahden vuorokauden kuluessa, n\u00e4ytt\u00f6asetuksiin liittyv\u00e4t ev\u00e4steet poistuvat vuoden p\u00e4\u00e4st\u00e4. Mik\u00e4li valitset \u201cMuista minut\u201d kirjautumisen yhteydess\u00e4, kirjautumistietojasi s\u00e4ilytet\u00e4\u00e4n kahden viikon ajan. Mik\u00e4li kirjaudut ulos, kirjautumiseen liittyv\u00e4t ev\u00e4steet poistetaan samassa yhteydess\u00e4.<\/p>\n<p>Mik\u00e4li julkaiset artikkelin tai muokkaat olemassa olevaa tallennamme selaimeen ev\u00e4steen, joka sis\u00e4lt\u00e4\u00e4 muokattavan artikkelin ID:n. Ev\u00e4ste vanhenee yhdess\u00e4 vuorokaudessa.<\/p>\n<h3>Muilta sivustoilta upotettu sis\u00e4lt\u00f6<\/h3>\n<p>T\u00e4m\u00e4n sivuston artikkelit voivat sis\u00e4lt\u00e4\u00e4 upotettua sis\u00e4lt\u00f6\u00e4 (esimerkiksi videoita, kuvia, artikkeleita jne.). Toisilta sivustoilta tuodun upotetun sis\u00e4ll\u00f6n avaaminen on verrattavissa siihen, ett\u00e4 vierailija itse k\u00e4visi kolmannen osapuolen sivustolla.<\/p>\n<p>N\u00e4m\u00e4 sivustot voivat ker\u00e4t\u00e4 tietoa sinusta, k\u00e4ytt\u00e4\u00e4 ev\u00e4steit\u00e4, upottaa kolmannen osapuolen seurantaev\u00e4steit\u00e4 ja monitoroida vuorovaikutustasi upotetun sis\u00e4ll\u00f6n kanssa, mukaan lukien vuorovaikutuksen seuranta jos ja kun olet kirjautunut k\u00e4ytt\u00e4j\u00e4n\u00e4 sivustolle.<\/p>\n<h3>Analytiikka<\/h3>\n<h2>Kenelle jaamme tietosi<\/h2>\n<p>Emme jaa henkil\u00f6tietoja kolmansille osapuolille. Jetpack (wordpress.com) ja Google Analytics ker\u00e4\u00e4v\u00e4t k\u00e4vij\u00e4tietoja ja n\u00e4ill\u00e4 on omat tietosuojaselostuksensa.<\/p>\n<h2>Kuinka kauan s\u00e4ilyt\u00e4mme tietoa<\/h2>\n<p>Mik\u00e4li j\u00e4t\u00e4t kommentin, kommenttia ja sen metatietoa s\u00e4ilytet\u00e4\u00e4n toistaiseksi. T\u00e4m\u00e4 tehd\u00e4\u00e4n siksi, ett\u00e4 voimme tunnistaa ja hyv\u00e4ksy\u00e4 seuraavat kommentit automaattisesti sen sijaan, ett\u00e4 s\u00e4ilytt\u00e4isimme ne moderointijonossa.<\/p>\n<p>Tallennamme rekister\u00f6ityneiden k\u00e4ytt\u00e4jien (jos sellaisia on) k\u00e4ytt\u00e4j\u00e4profiilien tiedot. Kaikilla k\u00e4ytt\u00e4jill\u00e4 on mahdollisuus n\u00e4hd\u00e4, muokata ja poistaa omia henkil\u00f6tietojaan milloin vain. Ainoastaan k\u00e4ytt\u00e4j\u00e4nime\u00e4 ei voi muuttaa. Verkkosivuston yll\u00e4pit\u00e4j\u00e4t voivat n\u00e4hd\u00e4 ja muokata k\u00e4ytt\u00e4j\u00e4profiilien tietoja.<\/p>\n<h2>Mit\u00e4 oikeuksia sinulla on omaan tietoosi<\/h2>\n<p>Mik\u00e4li sinulla on k\u00e4ytt\u00e4j\u00e4tili t\u00e4lle sivustolle tai olet j\u00e4tt\u00e4nyt kommentteja, voit pyyt\u00e4\u00e4 koostetiedostoa omista henkil\u00f6tiedoistasi, sis\u00e4lt\u00e4en kaiken henkil\u00f6tiedon, jonka olet meille antanut. Voit my\u00f6s pyyt\u00e4\u00e4 henkil\u00f6tietojesi poistoa. Oikeus omien tietojen poistoon ei koske sellaista henkil\u00f6tietoa, joka meid\u00e4n on s\u00e4ilytett\u00e4v\u00e4 yll\u00e4pidollisista, juridisista tai tietoturvaan liittyvist\u00e4 syist\u00e4.<\/p>\n<h2>Minne l\u00e4het\u00e4mme tietosi<\/h2>\n<p>Vierailijoiden kommentteja saatetaan tarkistaa automatisoidun roskapostiestopalvelun kautta.<\/p>\n<h2>Yhteystiedot:<\/h2>\n<p>Jos tietosuojasta tai muusta sivustoon\/yritykseen liittyv\u00e4st\u00e4 asiasta j\u00e4i kysytt\u00e4v\u00e4\u00e4, ota yhteytt\u00e4!<\/p>\n<p>Miika Isotalo<br \/>\nMediatuotanto Isotalo<br \/>\nPuh. +358(0)40 7784 713<br \/>\ninfo@mediatuotantoisotalo.fi<\/p>\n<blockquote class=\"wp-embedded-content\" data-secret=\"CNuOUReG0J\"><p><a href=\"https:\/\/mediatuotantoisotalo.com\/\">Main Page<\/a><\/p><\/blockquote>\n<p><iframe loading=\"lazy\" class=\"wp-embedded-content\" sandbox=\"allow-scripts\" security=\"restricted\" style=\"position: absolute; clip: rect(1px, 1px, 1px, 1px);\" src=\"https:\/\/mediatuotantoisotalo.com\/?embed=true#?secret=CNuOUReG0J\" data-secret=\"CNuOUReG0J\" width=\"600\" height=\"338\" title=\"&#8221;Main Page&#8221; &#8212; Mediatuotanto Isotalo\" frameborder=\"0\" marginwidth=\"0\" marginheight=\"0\" scrolling=\"no\"><\/iframe><br \/>\nhttps:\/\/www.facebook.com\/MediaTuotantoIsotalo<\/p>\n<h2>Lis\u00e4tiedot<\/h2>\n<h3>Kuinka suojelemme henkil\u00f6tietojasi<\/h3>\n<p>Henkil\u00f6tietoja ei luovuteta kolmansille osapuolille. Niit\u00e4 ei my\u00f6sk\u00e4\u00e4n ker\u00e4t\u00e4 yll\u00e4mainittuja tietoja lukuunottamatta. Jos sinulla on tunnukset sivustolle, on annetut tiedot tallennettuna tietokannassa, jonka tietoturvasta huolehtii OVH-Hosting.<\/p>\n<h3>Miten toimimme tietomurron tapahtuessa<\/h3>\n<p>Ilmoitamme m\u00e4\u00e4r\u00e4tyn ajan sis\u00e4ll\u00e4 kaikille murtoa koskettaville tahoille mahdollisesta tietomurrosta.<\/p>\n<h3><\/h3>\n","protected":false},"excerpt":{"rendered":"<p>Keit\u00e4 olemme Verkkosivustomme osoite on: https:\/\/mediatuotantoisotalo.com. Mit\u00e4 henkil\u00f6tietoa ker\u00e4\u00e4mme ja miksi Kommentit Kun sivuston k\u00e4ytt\u00e4j\u00e4t j\u00e4tt\u00e4v\u00e4t kommentteja sivustolle, ker\u00e4\u00e4mme kommenttilomakkeessa [&hellip;]<\/p>\n","protected":false},"author":1,"featured_media":0,"parent":0,"menu_order":0,"comment_status":"closed","ping_status":"closed","template":"","meta":{"jetpack_post_was_ever_published":false,"footnotes":""},"class_list":["post-187","page","type-page","status-publish","hentry"],"yoast_head":"<!-- This site is optimized with the Yoast SEO plugin v24.5 - https:\/\/yoast.com\/wordpress\/plugins\/seo\/ -->\n<title>Tietosuojaseloste - Mediatuotanto Isotalo<\/title>\n<meta name=\"robots\" content=\"index, follow, max-snippet:-1, max-image-preview:large, max-video-preview:-1\" \/>\n<link rel=\"canonical\" href=\"https:\/\/mediatuotantoisotalo.com\/?page_id=187&lang=fi\" \/>\n<meta property=\"og:locale\" content=\"fi_FI\" \/>\n<meta property=\"og:type\" content=\"article\" \/>\n<meta property=\"og:title\" content=\"Tietosuojaseloste - Mediatuotanto Isotalo\" \/>\n<meta property=\"og:description\" content=\"Keit\u00e4 olemme Verkkosivustomme osoite on: https:\/\/mediatuotantoisotalo.com. Mit\u00e4 henkil\u00f6tietoa ker\u00e4\u00e4mme ja miksi Kommentit Kun sivuston k\u00e4ytt\u00e4j\u00e4t j\u00e4tt\u00e4v\u00e4t kommentteja sivustolle, ker\u00e4\u00e4mme kommenttilomakkeessa [&hellip;]\" \/>\n<meta property=\"og:url\" content=\"https:\/\/mediatuotantoisotalo.com\/?page_id=187&amp;lang=fi\" \/>\n<meta property=\"og:site_name\" content=\"Mediatuotanto Isotalo\" \/>\n<meta property=\"article:modified_time\" content=\"2018-05-23T11:34:04+00:00\" \/>\n<meta name=\"twitter:card\" content=\"summary_large_image\" \/>\n<meta name=\"twitter:label1\" content=\"Arvioitu lukuaika\" \/>\n\t<meta name=\"twitter:data1\" content=\"3 minuuttia\" \/>\n<script type=\"application\/ld+json\" class=\"yoast-schema-graph\">{\"@context\":\"https:\/\/schema.org\",\"@graph\":[{\"@type\":\"WebPage\",\"@id\":\"https:\/\/mediatuotantoisotalo.com\/?page_id=187&lang=fi\",\"url\":\"https:\/\/mediatuotantoisotalo.com\/?page_id=187&lang=fi\",\"name\":\"Tietosuojaseloste - Mediatuotanto Isotalo\",\"isPartOf\":{\"@id\":\"https:\/\/mediatuotantoisotalo.com\/#website\"},\"datePublished\":\"2018-05-23T11:23:25+00:00\",\"dateModified\":\"2018-05-23T11:34:04+00:00\",\"breadcrumb\":{\"@id\":\"https:\/\/mediatuotantoisotalo.com\/?page_id=187&lang=fi#breadcrumb\"},\"inLanguage\":\"fi\",\"potentialAction\":[{\"@type\":\"ReadAction\",\"target\":[\"https:\/\/mediatuotantoisotalo.com\/?page_id=187&lang=fi\"]}]},{\"@type\":\"BreadcrumbList\",\"@id\":\"https:\/\/mediatuotantoisotalo.com\/?page_id=187&lang=fi#breadcrumb\",\"itemListElement\":[{\"@type\":\"ListItem\",\"position\":1,\"name\":\"Main Page\",\"item\":\"https:\/\/mediatuotantoisotalo.com\/?page_id=367&lang=fi\"},{\"@type\":\"ListItem\",\"position\":2,\"name\":\"Tietosuojaseloste\"}]},{\"@type\":\"WebSite\",\"@id\":\"https:\/\/mediatuotantoisotalo.com\/#website\",\"url\":\"https:\/\/mediatuotantoisotalo.com\/\",\"name\":\"Mediatuotanto Isotalo\",\"description\":\"Valo- ja videokuvauspalveluita sek\u00e4 sis\u00e4ll\u00f6ntuotantoa verkkoon.\",\"publisher\":{\"@id\":\"https:\/\/mediatuotantoisotalo.com\/#organization\"},\"potentialAction\":[{\"@type\":\"SearchAction\",\"target\":{\"@type\":\"EntryPoint\",\"urlTemplate\":\"https:\/\/mediatuotantoisotalo.com\/?s={search_term_string}\"},\"query-input\":{\"@type\":\"PropertyValueSpecification\",\"valueRequired\":true,\"valueName\":\"search_term_string\"}}],\"inLanguage\":\"fi\"},{\"@type\":\"Organization\",\"@id\":\"https:\/\/mediatuotantoisotalo.com\/#organization\",\"name\":\"Mediatuotanto Isotalo\",\"url\":\"https:\/\/mediatuotantoisotalo.com\/\",\"logo\":{\"@type\":\"ImageObject\",\"inLanguage\":\"fi\",\"@id\":\"https:\/\/mediatuotantoisotalo.com\/#\/schema\/logo\/image\/\",\"url\":\"https:\/\/mediatuotantoisotalo.com\/wp-content\/uploads\/2015\/04\/FirmanVesileima2_1.png\",\"contentUrl\":\"https:\/\/mediatuotantoisotalo.com\/wp-content\/uploads\/2015\/04\/FirmanVesileima2_1.png\",\"width\":400,\"height\":150,\"caption\":\"Mediatuotanto Isotalo\"},\"image\":{\"@id\":\"https:\/\/mediatuotantoisotalo.com\/#\/schema\/logo\/image\/\"}}]}<\/script>\n<!-- \/ Yoast SEO plugin. -->","yoast_head_json":{"title":"Tietosuojaseloste - Mediatuotanto Isotalo","robots":{"index":"index","follow":"follow","max-snippet":"max-snippet:-1","max-image-preview":"max-image-preview:large","max-video-preview":"max-video-preview:-1"},"canonical":"https:\/\/mediatuotantoisotalo.com\/?page_id=187&lang=fi","og_locale":"fi_FI","og_type":"article","og_title":"Tietosuojaseloste - Mediatuotanto Isotalo","og_description":"Keit\u00e4 olemme Verkkosivustomme osoite on: https:\/\/mediatuotantoisotalo.com. Mit\u00e4 henkil\u00f6tietoa ker\u00e4\u00e4mme ja miksi Kommentit Kun sivuston k\u00e4ytt\u00e4j\u00e4t j\u00e4tt\u00e4v\u00e4t kommentteja sivustolle, ker\u00e4\u00e4mme kommenttilomakkeessa [&hellip;]","og_url":"https:\/\/mediatuotantoisotalo.com\/?page_id=187&lang=fi","og_site_name":"Mediatuotanto Isotalo","article_modified_time":"2018-05-23T11:34:04+00:00","twitter_card":"summary_large_image","twitter_misc":{"Arvioitu lukuaika":"3 minuuttia"},"schema":{"@context":"https:\/\/schema.org","@graph":[{"@type":"WebPage","@id":"https:\/\/mediatuotantoisotalo.com\/?page_id=187&lang=fi","url":"https:\/\/mediatuotantoisotalo.com\/?page_id=187&lang=fi","name":"Tietosuojaseloste - Mediatuotanto Isotalo","isPartOf":{"@id":"https:\/\/mediatuotantoisotalo.com\/#website"},"datePublished":"2018-05-23T11:23:25+00:00","dateModified":"2018-05-23T11:34:04+00:00","breadcrumb":{"@id":"https:\/\/mediatuotantoisotalo.com\/?page_id=187&lang=fi#breadcrumb"},"inLanguage":"fi","potentialAction":[{"@type":"ReadAction","target":["https:\/\/mediatuotantoisotalo.com\/?page_id=187&lang=fi"]}]},{"@type":"BreadcrumbList","@id":"https:\/\/mediatuotantoisotalo.com\/?page_id=187&lang=fi#breadcrumb","itemListElement":[{"@type":"ListItem","position":1,"name":"Main Page","item":"https:\/\/mediatuotantoisotalo.com\/?page_id=367&lang=fi"},{"@type":"ListItem","position":2,"name":"Tietosuojaseloste"}]},{"@type":"WebSite","@id":"https:\/\/mediatuotantoisotalo.com\/#website","url":"https:\/\/mediatuotantoisotalo.com\/","name":"Mediatuotanto Isotalo","description":"Valo- ja videokuvauspalveluita sek\u00e4 sis\u00e4ll\u00f6ntuotantoa verkkoon.","publisher":{"@id":"https:\/\/mediatuotantoisotalo.com\/#organization"},"potentialAction":[{"@type":"SearchAction","target":{"@type":"EntryPoint","urlTemplate":"https:\/\/mediatuotantoisotalo.com\/?s={search_term_string}"},"query-input":{"@type":"PropertyValueSpecification","valueRequired":true,"valueName":"search_term_string"}}],"inLanguage":"fi"},{"@type":"Organization","@id":"https:\/\/mediatuotantoisotalo.com\/#organization","name":"Mediatuotanto Isotalo","url":"https:\/\/mediatuotantoisotalo.com\/","logo":{"@type":"ImageObject","inLanguage":"fi","@id":"https:\/\/mediatuotantoisotalo.com\/#\/schema\/logo\/image\/","url":"https:\/\/mediatuotantoisotalo.com\/wp-content\/uploads\/2015\/04\/FirmanVesileima2_1.png","contentUrl":"https:\/\/mediatuotantoisotalo.com\/wp-content\/uploads\/2015\/04\/FirmanVesileima2_1.png","width":400,"height":150,"caption":"Mediatuotanto Isotalo"},"image":{"@id":"https:\/\/mediatuotantoisotalo.com\/#\/schema\/logo\/image\/"}}]}},"jetpack_sharing_enabled":true,"jetpack_shortlink":"https:\/\/wp.me\/P6ia5h-31","_links":{"self":[{"href":"https:\/\/mediatuotantoisotalo.com\/index.php?rest_route=\/wp\/v2\/pages\/187","targetHints":{"allow":["GET"]}}],"collection":[{"href":"https:\/\/mediatuotantoisotalo.com\/index.php?rest_route=\/wp\/v2\/pages"}],"about":[{"href":"https:\/\/mediatuotantoisotalo.com\/index.php?rest_route=\/wp\/v2\/types\/page"}],"author":[{"embeddable":true,"href":"https:\/\/mediatuotantoisotalo.com\/index.php?rest_route=\/wp\/v2\/users\/1"}],"replies":[{"embeddable":true,"href":"https:\/\/mediatuotantoisotalo.com\/index.php?rest_route=%2Fwp%2Fv2%2Fcomments&post=187"}],"version-history":[{"count":3,"href":"https:\/\/mediatuotantoisotalo.com\/index.php?rest_route=\/wp\/v2\/pages\/187\/revisions"}],"predecessor-version":[{"id":198,"href":"https:\/\/mediatuotantoisotalo.com\/index.php?rest_route=\/wp\/v2\/pages\/187\/revisions\/198"}],"wp:attachment":[{"href":"https:\/\/mediatuotantoisotalo.com\/index.php?rest_route=%2Fwp%2Fv2%2Fmedia&parent=187"}],"curies":[{"name":"wp","href":"https:\/\/api.w.org\/{rel}","templated":true}]}}