{"id":161,"date":"2018-04-19T00:34:20","date_gmt":"2018-04-18T21:34:20","guid":{"rendered":"http:\/\/mediatuotantoisotalo.com\/?page_id=161"},"modified":"2019-01-17T11:03:52","modified_gmt":"2019-01-17T09:03:52","slug":"yhteydenotto","status":"publish","type":"page","link":"https:\/\/mediatuotantoisotalo.com\/?page_id=161&lang=fi","title":{"rendered":"Yhteydenotto"},"content":{"rendered":"<p><strong>Mediatuotanto Isotalo<a href=\"http:\/\/mediatuotantoisotalo.com\/wp-content\/uploads\/2015\/04\/MVI_1787_small.jpg\"><img loading=\"lazy\" decoding=\"async\" class=\"alignright wp-image-131 size-medium\" src=\"http:\/\/mediatuotantoisotalo.com\/wp-content\/uploads\/2015\/04\/MVI_1787_small-300x277.jpg\" alt=\"Miika Isotalo from Mediatuotanto Isotalo\" width=\"300\" height=\"277\" srcset=\"https:\/\/mediatuotantoisotalo.com\/wp-content\/uploads\/2015\/04\/MVI_1787_small-300x277.jpg 300w, https:\/\/mediatuotantoisotalo.com\/wp-content\/uploads\/2015\/04\/MVI_1787_small-768x709.jpg 768w, https:\/\/mediatuotantoisotalo.com\/wp-content\/uploads\/2015\/04\/MVI_1787_small.jpg 887w\" sizes=\"auto, (max-width: 300px) 100vw, 300px\" \/><\/a><\/strong><\/p>\n<p>Y-2626753-9<\/p>\n<p>Email: info(at)mediatuotantoisotalo.fi<\/p>\n<p>Puhelinnro. +358 (0)40 7784 713<\/p>\n<p>&nbsp;<\/p>\n<p><a href=\"https:\/\/www.mediatuotantoisotalo.com\">https:\/\/www.mediatuotantoisotalo.com<\/a><\/p>\n<p><a title=\"Facebook\" href=\"https:\/\/www.facebook.com\/MediaTuotantoIsotalo\" target=\"_blank\" rel=\"noopener\">https:\/\/www.facebook.com\/MediaTuotantoIsotalo<\/a><\/p>\n<p><a title=\"Youtube\" href=\"https:\/\/www.youtube.com\/MiikaIsotalo\" target=\"_blank\" rel=\"noopener\">https:\/\/www.youtube.com\/MiikaIsotalo<\/a><\/p>\n<p><a title=\"Twitter\" href=\"https:\/\/www.twitter.com\/pikamulkaus\" target=\"_blank\" rel=\"noopener\">https:\/\/www.twitter.com\/pikamulkaus<\/a><\/p>\n<p><a href=\"https:\/\/www.instagram.com\/pikamulkaus\">https:\/\/www.instagram.com\/pikamulkaus<\/a><\/p>\n<p>&nbsp;<\/p>\n<p><strong>Omat verkkojulkaisut<\/strong>:<\/p>\n<p><a href=\"https:\/\/pikamulkaus.com\">Pikamulkaus<\/a><\/p>\n<p><a href=\"https:\/\/scenicroadhunters.com\">Scenic Road Hunters<\/a><\/p>\n<p>&nbsp;<\/p>\n<p>&nbsp;<\/p>\n","protected":false},"excerpt":{"rendered":"<p>Mediatuotanto Isotalo Y-2626753-9 Email: info(at)mediatuotantoisotalo.fi Puhelinnro. +358 (0)40 7784 713 &nbsp; https:\/\/www.mediatuotantoisotalo.com https:\/\/www.facebook.com\/MediaTuotantoIsotalo https:\/\/www.youtube.com\/MiikaIsotalo https:\/\/www.twitter.com\/pikamulkaus https:\/\/www.instagram.com\/pikamulkaus &nbsp; Omat verkkojulkaisut: Pikamulkaus [&hellip;]<\/p>\n","protected":false},"author":1,"featured_media":0,"parent":0,"menu_order":2,"comment_status":"open","ping_status":"open","template":"template-contact.php","meta":{"jetpack_post_was_ever_published":false,"footnotes":""},"class_list":["post-161","page","type-page","status-publish","hentry"],"yoast_head":"<!-- This site is optimized with the Yoast SEO plugin v24.5 - https:\/\/yoast.com\/wordpress\/plugins\/seo\/ -->\n<title>Yhteydenotto: Mediatuotanto Isotalo<\/title>\n<meta name=\"description\" content=\"Haluatko saada yhteyden Mediatuotanto Isotalo:on? Kontaktisivulla on puhelinnumeroni ja mahdollisuus s\u00e4hk\u00f6postin l\u00e4hett\u00e4miseen. Siell\u00e4 on my\u00f6s ALV informaatio sek\u00e4 linkit Some -kanaville.\" \/>\n<meta name=\"robots\" content=\"index, follow, max-snippet:-1, max-image-preview:large, max-video-preview:-1\" \/>\n<link rel=\"canonical\" href=\"https:\/\/mediatuotantoisotalo.com\/?page_id=161&lang=fi\" \/>\n<meta property=\"og:locale\" content=\"fi_FI\" \/>\n<meta property=\"og:type\" content=\"article\" \/>\n<meta property=\"og:title\" content=\"Yhteydenotto: Mediatuotanto Isotalo\" \/>\n<meta property=\"og:description\" content=\"Haluatko saada yhteyden Mediatuotanto Isotalo:on? Kontaktisivulla on puhelinnumeroni ja mahdollisuus s\u00e4hk\u00f6postin l\u00e4hett\u00e4miseen. Siell\u00e4 on my\u00f6s ALV informaatio sek\u00e4 linkit Some -kanaville.\" \/>\n<meta property=\"og:url\" content=\"https:\/\/mediatuotantoisotalo.com\/?page_id=161&amp;lang=fi\" \/>\n<meta property=\"og:site_name\" content=\"Mediatuotanto Isotalo\" \/>\n<meta property=\"article:modified_time\" content=\"2019-01-17T09:03:52+00:00\" \/>\n<meta property=\"og:image\" content=\"http:\/\/mediatuotantoisotalo.com\/wp-content\/uploads\/2015\/04\/MVI_1787_small-300x277.jpg\" \/>\n<meta name=\"twitter:card\" content=\"summary_large_image\" \/>\n<script type=\"application\/ld+json\" class=\"yoast-schema-graph\">{\"@context\":\"https:\/\/schema.org\",\"@graph\":[{\"@type\":\"WebPage\",\"@id\":\"https:\/\/mediatuotantoisotalo.com\/?page_id=161&lang=fi\",\"url\":\"https:\/\/mediatuotantoisotalo.com\/?page_id=161&lang=fi\",\"name\":\"Yhteydenotto: Mediatuotanto Isotalo\",\"isPartOf\":{\"@id\":\"https:\/\/mediatuotantoisotalo.com\/#website\"},\"primaryImageOfPage\":{\"@id\":\"https:\/\/mediatuotantoisotalo.com\/?page_id=161&lang=fi#primaryimage\"},\"image\":{\"@id\":\"https:\/\/mediatuotantoisotalo.com\/?page_id=161&lang=fi#primaryimage\"},\"thumbnailUrl\":\"http:\/\/mediatuotantoisotalo.com\/wp-content\/uploads\/2015\/04\/MVI_1787_small-300x277.jpg\",\"datePublished\":\"2018-04-18T21:34:20+00:00\",\"dateModified\":\"2019-01-17T09:03:52+00:00\",\"description\":\"Haluatko saada yhteyden Mediatuotanto Isotalo:on? Kontaktisivulla on puhelinnumeroni ja mahdollisuus s\u00e4hk\u00f6postin l\u00e4hett\u00e4miseen. Siell\u00e4 on my\u00f6s ALV informaatio sek\u00e4 linkit Some -kanaville.\",\"breadcrumb\":{\"@id\":\"https:\/\/mediatuotantoisotalo.com\/?page_id=161&lang=fi#breadcrumb\"},\"inLanguage\":\"fi\",\"potentialAction\":[{\"@type\":\"ReadAction\",\"target\":[\"https:\/\/mediatuotantoisotalo.com\/?page_id=161&lang=fi\"]}]},{\"@type\":\"ImageObject\",\"inLanguage\":\"fi\",\"@id\":\"https:\/\/mediatuotantoisotalo.com\/?page_id=161&lang=fi#primaryimage\",\"url\":\"http:\/\/mediatuotantoisotalo.com\/wp-content\/uploads\/2015\/04\/MVI_1787_small-300x277.jpg\",\"contentUrl\":\"http:\/\/mediatuotantoisotalo.com\/wp-content\/uploads\/2015\/04\/MVI_1787_small-300x277.jpg\"},{\"@type\":\"BreadcrumbList\",\"@id\":\"https:\/\/mediatuotantoisotalo.com\/?page_id=161&lang=fi#breadcrumb\",\"itemListElement\":[{\"@type\":\"ListItem\",\"position\":1,\"name\":\"Main Page\",\"item\":\"https:\/\/mediatuotantoisotalo.com\/?page_id=367&lang=fi\"},{\"@type\":\"ListItem\",\"position\":2,\"name\":\"Yhteydenotto\"}]},{\"@type\":\"WebSite\",\"@id\":\"https:\/\/mediatuotantoisotalo.com\/#website\",\"url\":\"https:\/\/mediatuotantoisotalo.com\/\",\"name\":\"Mediatuotanto Isotalo\",\"description\":\"Valo- ja videokuvauspalveluita sek\u00e4 sis\u00e4ll\u00f6ntuotantoa verkkoon.\",\"publisher\":{\"@id\":\"https:\/\/mediatuotantoisotalo.com\/#organization\"},\"potentialAction\":[{\"@type\":\"SearchAction\",\"target\":{\"@type\":\"EntryPoint\",\"urlTemplate\":\"https:\/\/mediatuotantoisotalo.com\/?s={search_term_string}\"},\"query-input\":{\"@type\":\"PropertyValueSpecification\",\"valueRequired\":true,\"valueName\":\"search_term_string\"}}],\"inLanguage\":\"fi\"},{\"@type\":\"Organization\",\"@id\":\"https:\/\/mediatuotantoisotalo.com\/#organization\",\"name\":\"Mediatuotanto Isotalo\",\"url\":\"https:\/\/mediatuotantoisotalo.com\/\",\"logo\":{\"@type\":\"ImageObject\",\"inLanguage\":\"fi\",\"@id\":\"https:\/\/mediatuotantoisotalo.com\/#\/schema\/logo\/image\/\",\"url\":\"https:\/\/mediatuotantoisotalo.com\/wp-content\/uploads\/2015\/04\/FirmanVesileima2_1.png\",\"contentUrl\":\"https:\/\/mediatuotantoisotalo.com\/wp-content\/uploads\/2015\/04\/FirmanVesileima2_1.png\",\"width\":400,\"height\":150,\"caption\":\"Mediatuotanto Isotalo\"},\"image\":{\"@id\":\"https:\/\/mediatuotantoisotalo.com\/#\/schema\/logo\/image\/\"}}]}<\/script>\n<!-- \/ Yoast SEO plugin. -->","yoast_head_json":{"title":"Yhteydenotto: Mediatuotanto Isotalo","description":"Haluatko saada yhteyden Mediatuotanto Isotalo:on? Kontaktisivulla on puhelinnumeroni ja mahdollisuus s\u00e4hk\u00f6postin l\u00e4hett\u00e4miseen. Siell\u00e4 on my\u00f6s ALV informaatio sek\u00e4 linkit Some -kanaville.","robots":{"index":"index","follow":"follow","max-snippet":"max-snippet:-1","max-image-preview":"max-image-preview:large","max-video-preview":"max-video-preview:-1"},"canonical":"https:\/\/mediatuotantoisotalo.com\/?page_id=161&lang=fi","og_locale":"fi_FI","og_type":"article","og_title":"Yhteydenotto: Mediatuotanto Isotalo","og_description":"Haluatko saada yhteyden Mediatuotanto Isotalo:on? Kontaktisivulla on puhelinnumeroni ja mahdollisuus s\u00e4hk\u00f6postin l\u00e4hett\u00e4miseen. Siell\u00e4 on my\u00f6s ALV informaatio sek\u00e4 linkit Some -kanaville.","og_url":"https:\/\/mediatuotantoisotalo.com\/?page_id=161&lang=fi","og_site_name":"Mediatuotanto Isotalo","article_modified_time":"2019-01-17T09:03:52+00:00","og_image":[{"url":"http:\/\/mediatuotantoisotalo.com\/wp-content\/uploads\/2015\/04\/MVI_1787_small-300x277.jpg","type":"","width":"","height":""}],"twitter_card":"summary_large_image","schema":{"@context":"https:\/\/schema.org","@graph":[{"@type":"WebPage","@id":"https:\/\/mediatuotantoisotalo.com\/?page_id=161&lang=fi","url":"https:\/\/mediatuotantoisotalo.com\/?page_id=161&lang=fi","name":"Yhteydenotto: Mediatuotanto Isotalo","isPartOf":{"@id":"https:\/\/mediatuotantoisotalo.com\/#website"},"primaryImageOfPage":{"@id":"https:\/\/mediatuotantoisotalo.com\/?page_id=161&lang=fi#primaryimage"},"image":{"@id":"https:\/\/mediatuotantoisotalo.com\/?page_id=161&lang=fi#primaryimage"},"thumbnailUrl":"http:\/\/mediatuotantoisotalo.com\/wp-content\/uploads\/2015\/04\/MVI_1787_small-300x277.jpg","datePublished":"2018-04-18T21:34:20+00:00","dateModified":"2019-01-17T09:03:52+00:00","description":"Haluatko saada yhteyden Mediatuotanto Isotalo:on? Kontaktisivulla on puhelinnumeroni ja mahdollisuus s\u00e4hk\u00f6postin l\u00e4hett\u00e4miseen. Siell\u00e4 on my\u00f6s ALV informaatio sek\u00e4 linkit Some -kanaville.","breadcrumb":{"@id":"https:\/\/mediatuotantoisotalo.com\/?page_id=161&lang=fi#breadcrumb"},"inLanguage":"fi","potentialAction":[{"@type":"ReadAction","target":["https:\/\/mediatuotantoisotalo.com\/?page_id=161&lang=fi"]}]},{"@type":"ImageObject","inLanguage":"fi","@id":"https:\/\/mediatuotantoisotalo.com\/?page_id=161&lang=fi#primaryimage","url":"http:\/\/mediatuotantoisotalo.com\/wp-content\/uploads\/2015\/04\/MVI_1787_small-300x277.jpg","contentUrl":"http:\/\/mediatuotantoisotalo.com\/wp-content\/uploads\/2015\/04\/MVI_1787_small-300x277.jpg"},{"@type":"BreadcrumbList","@id":"https:\/\/mediatuotantoisotalo.com\/?page_id=161&lang=fi#breadcrumb","itemListElement":[{"@type":"ListItem","position":1,"name":"Main Page","item":"https:\/\/mediatuotantoisotalo.com\/?page_id=367&lang=fi"},{"@type":"ListItem","position":2,"name":"Yhteydenotto"}]},{"@type":"WebSite","@id":"https:\/\/mediatuotantoisotalo.com\/#website","url":"https:\/\/mediatuotantoisotalo.com\/","name":"Mediatuotanto Isotalo","description":"Valo- ja videokuvauspalveluita sek\u00e4 sis\u00e4ll\u00f6ntuotantoa verkkoon.","publisher":{"@id":"https:\/\/mediatuotantoisotalo.com\/#organization"},"potentialAction":[{"@type":"SearchAction","target":{"@type":"EntryPoint","urlTemplate":"https:\/\/mediatuotantoisotalo.com\/?s={search_term_string}"},"query-input":{"@type":"PropertyValueSpecification","valueRequired":true,"valueName":"search_term_string"}}],"inLanguage":"fi"},{"@type":"Organization","@id":"https:\/\/mediatuotantoisotalo.com\/#organization","name":"Mediatuotanto Isotalo","url":"https:\/\/mediatuotantoisotalo.com\/","logo":{"@type":"ImageObject","inLanguage":"fi","@id":"https:\/\/mediatuotantoisotalo.com\/#\/schema\/logo\/image\/","url":"https:\/\/mediatuotantoisotalo.com\/wp-content\/uploads\/2015\/04\/FirmanVesileima2_1.png","contentUrl":"https:\/\/mediatuotantoisotalo.com\/wp-content\/uploads\/2015\/04\/FirmanVesileima2_1.png","width":400,"height":150,"caption":"Mediatuotanto Isotalo"},"image":{"@id":"https:\/\/mediatuotantoisotalo.com\/#\/schema\/logo\/image\/"}}]}},"jetpack_sharing_enabled":true,"jetpack_shortlink":"https:\/\/wp.me\/P6ia5h-2B","_links":{"self":[{"href":"https:\/\/mediatuotantoisotalo.com\/index.php?rest_route=\/wp\/v2\/pages\/161","targetHints":{"allow":["GET"]}}],"collection":[{"href":"https:\/\/mediatuotantoisotalo.com\/index.php?rest_route=\/wp\/v2\/pages"}],"about":[{"href":"https:\/\/mediatuotantoisotalo.com\/index.php?rest_route=\/wp\/v2\/types\/page"}],"author":[{"embeddable":true,"href":"https:\/\/mediatuotantoisotalo.com\/index.php?rest_route=\/wp\/v2\/users\/1"}],"replies":[{"embeddable":true,"href":"https:\/\/mediatuotantoisotalo.com\/index.php?rest_route=%2Fwp%2Fv2%2Fcomments&post=161"}],"version-history":[{"count":5,"href":"https:\/\/mediatuotantoisotalo.com\/index.php?rest_route=\/wp\/v2\/pages\/161\/revisions"}],"predecessor-version":[{"id":242,"href":"https:\/\/mediatuotantoisotalo.com\/index.php?rest_route=\/wp\/v2\/pages\/161\/revisions\/242"}],"wp:attachment":[{"href":"https:\/\/mediatuotantoisotalo.com\/index.php?rest_route=%2Fwp%2Fv2%2Fmedia&parent=161"}],"curies":[{"name":"wp","href":"https:\/\/api.w.org\/{rel}","templated":true}]}}