{"id":16,"date":"2015-04-21T01:48:34","date_gmt":"2015-04-20T22:48:34","guid":{"rendered":"http:\/\/mediatuotantoisotalo.com\/?page_id=16"},"modified":"2018-04-18T23:51:53","modified_gmt":"2018-04-18T20:51:53","slug":"main-page","status":"publish","type":"page","link":"https:\/\/mediatuotantoisotalo.com\/?page_id=16","title":{"rendered":"Main Page"},"content":{"rendered":"<div class=\"pexeto-recent-posts rp-columns\"><h3 class=\"rp-title\">Recent posts<\/h3><div class=\"cols-wrapper cols-3\"><div class=\"col rp\"><div class=\"rp-header\"><\/div><div class=\"rp-no-header\"><h4 class=\"rp-post-title\"><a href=\"https:\/\/mediatuotantoisotalo.com\/?p=244\">Content creation<\/a><\/h4><p>When your website is looking good, it needs content &nbsp; It is very important for all companies to have a [&hellip;]<\/p><a class=\"read-more\" href=\"https:\/\/mediatuotantoisotalo.com\/?p=244\">Read More <span class=\"more-arrow\">&rsaquo;<\/span><\/a><\/div><\/div><div class=\"col rp\"><div class=\"rp-header\"><\/div><div class=\"rp-no-header\"><h4 class=\"rp-post-title\"><a href=\"https:\/\/mediatuotantoisotalo.com\/?p=220&lang=fi\">Sis\u00e4ll\u00f6ntuotanto<\/a><\/h4><p>Kun sivusto on kunnossa, se tarvitsee sis\u00e4lt\u00f6\u00e4 &nbsp; Kunnolliset ja toimivat (sek\u00e4 tietokone- ett\u00e4 mobiilik\u00e4yt\u00f6ss\u00e4) nettisivut ovat jokaiselle firmalle t\u00e4rkeit\u00e4. [&hellip;]<\/p><a class=\"read-more\" href=\"https:\/\/mediatuotantoisotalo.com\/?p=220&lang=fi\">Read More <span class=\"more-arrow\">&rsaquo;<\/span><\/a><\/div><\/div><div class=\"col rp nomargin\"><div class=\"rp-header\"><a href=\"https:\/\/mediatuotantoisotalo.com\/?p=180&lang=fi\"><img decoding=\"async\" src=\"https:\/\/mediatuotantoisotalo.com\/wp-content\/uploads\/2016\/02\/IMG_9337-370x200.jpg\" alt=\"\" \/><\/a><\/div><h4 class=\"rp-post-title\"><a href=\"https:\/\/mediatuotantoisotalo.com\/?p=180&lang=fi\">Valokuvaus<\/a><\/h4><p>Valokuvaaja tai kaksi palveluksessasi Mediatuotanto Isotalo rakastaa valokuvaamista. Otamme valokuvia vaikkei meill\u00e4 olisi mit\u00e4\u00e4n erityist\u00e4 toimeksiantoakaan. Luonto on meille hyvin [&hellip;]<\/p><a class=\"read-more\" href=\"https:\/\/mediatuotantoisotalo.com\/?p=180&lang=fi\">Read More <span class=\"more-arrow\">&rsaquo;<\/span><\/a><\/div><\/div><\/div>\n","protected":false},"excerpt":{"rendered":"","protected":false},"author":1,"featured_media":0,"parent":0,"menu_order":0,"comment_status":"open","ping_status":"open","template":"template-full-custom.php","meta":{"jetpack_post_was_ever_published":false,"footnotes":""},"class_list":["post-16","page","type-page","status-publish","hentry"],"yoast_head":"<!-- This site is optimized with the Yoast SEO plugin v24.5 - https:\/\/yoast.com\/wordpress\/plugins\/seo\/ -->\n<title>Mediatuotanto Isotalo - blogging and media production<\/title>\n<meta name=\"description\" content=\"Mediatuotanto Isotalo is providing photography, cinematography and content marketing services. Specialized in traveling and everything Automotive.\" \/>\n<meta name=\"robots\" content=\"index, follow, max-snippet:-1, max-image-preview:large, max-video-preview:-1\" \/>\n<link rel=\"canonical\" href=\"https:\/\/mediatuotantoisotalo.com\/?page_id=16\" \/>\n<meta property=\"og:locale\" content=\"fi_FI\" \/>\n<meta property=\"og:type\" content=\"article\" \/>\n<meta property=\"og:title\" content=\"Mediatuotanto Isotalo\" \/>\n<meta property=\"og:description\" content=\"Mediatuotanto Isotalo is a company providing photography, cinematography and content marketing services.\" \/>\n<meta property=\"og:url\" content=\"https:\/\/mediatuotantoisotalo.com\/?page_id=16\" \/>\n<meta property=\"og:site_name\" content=\"Mediatuotanto Isotalo\" \/>\n<meta property=\"article:modified_time\" content=\"2018-04-18T20:51:53+00:00\" \/>\n<meta name=\"twitter:card\" content=\"summary_large_image\" \/>\n<meta name=\"twitter:title\" content=\"Mediatuotanto Isotalo\" \/>\n<meta name=\"twitter:description\" content=\"Mediatuotanto Isotalo is a company providing photography, cinematography and content marketing services.\" \/>\n<script type=\"application\/ld+json\" class=\"yoast-schema-graph\">{\"@context\":\"https:\/\/schema.org\",\"@graph\":[{\"@type\":\"WebPage\",\"@id\":\"https:\/\/mediatuotantoisotalo.com\/?page_id=16\",\"url\":\"https:\/\/mediatuotantoisotalo.com\/?page_id=16\",\"name\":\"Mediatuotanto Isotalo - blogging and media production\",\"isPartOf\":{\"@id\":\"https:\/\/mediatuotantoisotalo.com\/#website\"},\"datePublished\":\"2015-04-20T22:48:34+00:00\",\"dateModified\":\"2018-04-18T20:51:53+00:00\",\"description\":\"Mediatuotanto Isotalo is providing photography, cinematography and content marketing services. Specialized in traveling and everything Automotive.\",\"breadcrumb\":{\"@id\":\"https:\/\/mediatuotantoisotalo.com\/?page_id=16#breadcrumb\"},\"inLanguage\":\"fi\",\"potentialAction\":[{\"@type\":\"ReadAction\",\"target\":[\"https:\/\/mediatuotantoisotalo.com\/?page_id=16\"]}]},{\"@type\":\"BreadcrumbList\",\"@id\":\"https:\/\/mediatuotantoisotalo.com\/?page_id=16#breadcrumb\",\"itemListElement\":[{\"@type\":\"ListItem\",\"position\":1,\"name\":\"Main Page\",\"item\":\"https:\/\/mediatuotantoisotalo.com\/?page_id=367&lang=fi\"},{\"@type\":\"ListItem\",\"position\":2,\"name\":\"Main Page\"}]},{\"@type\":\"WebSite\",\"@id\":\"https:\/\/mediatuotantoisotalo.com\/#website\",\"url\":\"https:\/\/mediatuotantoisotalo.com\/\",\"name\":\"Mediatuotanto Isotalo\",\"description\":\"Valo- ja videokuvauspalveluita sek\u00e4 sis\u00e4ll\u00f6ntuotantoa verkkoon.\",\"publisher\":{\"@id\":\"https:\/\/mediatuotantoisotalo.com\/#organization\"},\"potentialAction\":[{\"@type\":\"SearchAction\",\"target\":{\"@type\":\"EntryPoint\",\"urlTemplate\":\"https:\/\/mediatuotantoisotalo.com\/?s={search_term_string}\"},\"query-input\":{\"@type\":\"PropertyValueSpecification\",\"valueRequired\":true,\"valueName\":\"search_term_string\"}}],\"inLanguage\":\"fi\"},{\"@type\":\"Organization\",\"@id\":\"https:\/\/mediatuotantoisotalo.com\/#organization\",\"name\":\"Mediatuotanto Isotalo\",\"url\":\"https:\/\/mediatuotantoisotalo.com\/\",\"logo\":{\"@type\":\"ImageObject\",\"inLanguage\":\"fi\",\"@id\":\"https:\/\/mediatuotantoisotalo.com\/#\/schema\/logo\/image\/\",\"url\":\"https:\/\/mediatuotantoisotalo.com\/wp-content\/uploads\/2015\/04\/FirmanVesileima2_1.png\",\"contentUrl\":\"https:\/\/mediatuotantoisotalo.com\/wp-content\/uploads\/2015\/04\/FirmanVesileima2_1.png\",\"width\":400,\"height\":150,\"caption\":\"Mediatuotanto Isotalo\"},\"image\":{\"@id\":\"https:\/\/mediatuotantoisotalo.com\/#\/schema\/logo\/image\/\"}}]}<\/script>\n<!-- \/ Yoast SEO plugin. -->","yoast_head_json":{"title":"Mediatuotanto Isotalo - blogging and media production","description":"Mediatuotanto Isotalo is providing photography, cinematography and content marketing services. Specialized in traveling and everything Automotive.","robots":{"index":"index","follow":"follow","max-snippet":"max-snippet:-1","max-image-preview":"max-image-preview:large","max-video-preview":"max-video-preview:-1"},"canonical":"https:\/\/mediatuotantoisotalo.com\/?page_id=16","og_locale":"fi_FI","og_type":"article","og_title":"Mediatuotanto Isotalo","og_description":"Mediatuotanto Isotalo is a company providing photography, cinematography and content marketing services.","og_url":"https:\/\/mediatuotantoisotalo.com\/?page_id=16","og_site_name":"Mediatuotanto Isotalo","article_modified_time":"2018-04-18T20:51:53+00:00","twitter_card":"summary_large_image","twitter_title":"Mediatuotanto Isotalo","twitter_description":"Mediatuotanto Isotalo is a company providing photography, cinematography and content marketing services.","schema":{"@context":"https:\/\/schema.org","@graph":[{"@type":"WebPage","@id":"https:\/\/mediatuotantoisotalo.com\/?page_id=16","url":"https:\/\/mediatuotantoisotalo.com\/?page_id=16","name":"Mediatuotanto Isotalo - blogging and media production","isPartOf":{"@id":"https:\/\/mediatuotantoisotalo.com\/#website"},"datePublished":"2015-04-20T22:48:34+00:00","dateModified":"2018-04-18T20:51:53+00:00","description":"Mediatuotanto Isotalo is providing photography, cinematography and content marketing services. Specialized in traveling and everything Automotive.","breadcrumb":{"@id":"https:\/\/mediatuotantoisotalo.com\/?page_id=16#breadcrumb"},"inLanguage":"fi","potentialAction":[{"@type":"ReadAction","target":["https:\/\/mediatuotantoisotalo.com\/?page_id=16"]}]},{"@type":"BreadcrumbList","@id":"https:\/\/mediatuotantoisotalo.com\/?page_id=16#breadcrumb","itemListElement":[{"@type":"ListItem","position":1,"name":"Main Page","item":"https:\/\/mediatuotantoisotalo.com\/?page_id=367&lang=fi"},{"@type":"ListItem","position":2,"name":"Main Page"}]},{"@type":"WebSite","@id":"https:\/\/mediatuotantoisotalo.com\/#website","url":"https:\/\/mediatuotantoisotalo.com\/","name":"Mediatuotanto Isotalo","description":"Valo- ja videokuvauspalveluita sek\u00e4 sis\u00e4ll\u00f6ntuotantoa verkkoon.","publisher":{"@id":"https:\/\/mediatuotantoisotalo.com\/#organization"},"potentialAction":[{"@type":"SearchAction","target":{"@type":"EntryPoint","urlTemplate":"https:\/\/mediatuotantoisotalo.com\/?s={search_term_string}"},"query-input":{"@type":"PropertyValueSpecification","valueRequired":true,"valueName":"search_term_string"}}],"inLanguage":"fi"},{"@type":"Organization","@id":"https:\/\/mediatuotantoisotalo.com\/#organization","name":"Mediatuotanto Isotalo","url":"https:\/\/mediatuotantoisotalo.com\/","logo":{"@type":"ImageObject","inLanguage":"fi","@id":"https:\/\/mediatuotantoisotalo.com\/#\/schema\/logo\/image\/","url":"https:\/\/mediatuotantoisotalo.com\/wp-content\/uploads\/2015\/04\/FirmanVesileima2_1.png","contentUrl":"https:\/\/mediatuotantoisotalo.com\/wp-content\/uploads\/2015\/04\/FirmanVesileima2_1.png","width":400,"height":150,"caption":"Mediatuotanto Isotalo"},"image":{"@id":"https:\/\/mediatuotantoisotalo.com\/#\/schema\/logo\/image\/"}}]}},"jetpack_sharing_enabled":true,"jetpack_shortlink":"https:\/\/wp.me\/P6ia5h-g","_links":{"self":[{"href":"https:\/\/mediatuotantoisotalo.com\/index.php?rest_route=\/wp\/v2\/pages\/16","targetHints":{"allow":["GET"]}}],"collection":[{"href":"https:\/\/mediatuotantoisotalo.com\/index.php?rest_route=\/wp\/v2\/pages"}],"about":[{"href":"https:\/\/mediatuotantoisotalo.com\/index.php?rest_route=\/wp\/v2\/types\/page"}],"author":[{"embeddable":true,"href":"https:\/\/mediatuotantoisotalo.com\/index.php?rest_route=\/wp\/v2\/users\/1"}],"replies":[{"embeddable":true,"href":"https:\/\/mediatuotantoisotalo.com\/index.php?rest_route=%2Fwp%2Fv2%2Fcomments&post=16"}],"version-history":[{"count":4,"href":"https:\/\/mediatuotantoisotalo.com\/index.php?rest_route=\/wp\/v2\/pages\/16\/revisions"}],"predecessor-version":[{"id":168,"href":"https:\/\/mediatuotantoisotalo.com\/index.php?rest_route=\/wp\/v2\/pages\/16\/revisions\/168"}],"wp:attachment":[{"href":"https:\/\/mediatuotantoisotalo.com\/index.php?rest_route=%2Fwp%2Fv2%2Fmedia&parent=16"}],"curies":[{"name":"wp","href":"https:\/\/api.w.org\/{rel}","templated":true}]}}